{"id":2629,"date":"2023-10-18T12:55:34","date_gmt":"2023-10-18T10:55:34","guid":{"rendered":"https:\/\/www.intendant.com\/l-univers-des-bordeaux\/"},"modified":"2025-02-25T14:56:35","modified_gmt":"2025-02-25T13:56:35","slug":"l-univers-des-bordeaux","status":"publish","type":"page","link":"https:\/\/www.intendant.com\/en\/l-univers-des-bordeaux\/","title":{"rendered":"Home"},"content":{"rendered":"","protected":false},"excerpt":{"rendered":"","protected":false},"author":1,"featured_media":0,"parent":0,"menu_order":0,"comment_status":"closed","ping_status":"closed","template":"tpl-flex.php","meta":{"_acf_changed":false,"inline_featured_image":false,"footnotes":""},"class_list":["post-2629","page","type-page","status-publish","hentry"],"acf":[],"yoast_head":"<!-- This site is optimized with the Yoast SEO plugin v27.5 - https:\/\/yoast.com\/product\/yoast-seo-wordpress\/ -->\n<title>L\u2019Intendant, l\u2019univers des Bordeaux &#8226; D\u00e9couvrez une tour spectaculaire sur cinq niveaux, enti\u00e8rement consacr\u00e9e au vignoble bordelais.<\/title>\n<meta name=\"description\" content=\"L\u2019Intendant est situ\u00e9 dans le fameux \u00ab triangle d\u2019or de Bordeaux \u00bb, le c\u0153ur historique de la ville, derri\u00e8re la fa\u00e7ade d\u2019un petit h\u00f4tel particulier du XVIIe si\u00e8cle.\" \/>\n<meta name=\"robots\" content=\"index, follow, max-snippet:-1, max-image-preview:large, max-video-preview:-1\" \/>\n<link rel=\"canonical\" href=\"https:\/\/www.intendant.com\/en\/l-univers-des-bordeaux\/\" \/>\n<meta property=\"og:locale\" content=\"en_US\" \/>\n<meta property=\"og:type\" content=\"article\" \/>\n<meta property=\"og:title\" content=\"L\u2019Intendant, l\u2019univers des Bordeaux &#8226; D\u00e9couvrez une tour spectaculaire sur cinq niveaux, enti\u00e8rement consacr\u00e9e au vignoble bordelais.\" \/>\n<meta property=\"og:description\" content=\"L\u2019Intendant est situ\u00e9 dans le fameux \u00ab triangle d\u2019or de Bordeaux \u00bb, le c\u0153ur historique de la ville, derri\u00e8re la fa\u00e7ade d\u2019un petit h\u00f4tel particulier du XVIIe si\u00e8cle.\" \/>\n<meta property=\"og:url\" content=\"https:\/\/www.intendant.com\/en\/l-univers-des-bordeaux\/\" \/>\n<meta property=\"og:site_name\" content=\"L\u2019Intendant, l\u2019univers des Bordeaux\" \/>\n<meta property=\"article:modified_time\" content=\"2025-02-25T13:56:35+00:00\" \/>\n<meta property=\"og:image\" content=\"https:\/\/www.intendant.com\/wp-content\/uploads\/sites\/2\/2023\/11\/intendant-Duclot.jpg\" \/>\n\t<meta property=\"og:image:width\" content=\"1920\" \/>\n\t<meta property=\"og:image:height\" content=\"1280\" \/>\n\t<meta property=\"og:image:type\" content=\"image\/jpeg\" \/>\n<meta name=\"twitter:card\" content=\"summary_large_image\" \/>\n<meta name=\"twitter:label1\" content=\"Est. reading time\" \/>\n\t<meta name=\"twitter:data1\" content=\"4 minutes\" \/>\n<script type=\"application\/ld+json\" class=\"yoast-schema-graph\">{\"@context\":\"https:\\\/\\\/schema.org\",\"@graph\":[{\"@type\":\"WebPage\",\"@id\":\"https:\\\/\\\/www.intendant.com\\\/en\\\/l-univers-des-bordeaux\\\/\",\"url\":\"https:\\\/\\\/www.intendant.com\\\/en\\\/l-univers-des-bordeaux\\\/\",\"name\":\"L\u2019Intendant, l\u2019univers des Bordeaux &#8226; D\u00e9couvrez une tour spectaculaire sur cinq niveaux, enti\u00e8rement consacr\u00e9e au vignoble bordelais.\",\"isPartOf\":{\"@id\":\"https:\\\/\\\/www.intendant.com\\\/#website\"},\"datePublished\":\"2023-10-18T10:55:34+00:00\",\"dateModified\":\"2025-02-25T13:56:35+00:00\",\"description\":\"L\u2019Intendant est situ\u00e9 dans le fameux \u00ab triangle d\u2019or de Bordeaux \u00bb, le c\u0153ur historique de la ville, derri\u00e8re la fa\u00e7ade d\u2019un petit h\u00f4tel particulier du XVIIe si\u00e8cle.\",\"breadcrumb\":{\"@id\":\"https:\\\/\\\/www.intendant.com\\\/en\\\/l-univers-des-bordeaux\\\/#breadcrumb\"},\"inLanguage\":\"en-US\",\"potentialAction\":[{\"@type\":\"ReadAction\",\"target\":[\"https:\\\/\\\/www.intendant.com\\\/en\\\/l-univers-des-bordeaux\\\/\"]}]},{\"@type\":\"BreadcrumbList\",\"@id\":\"https:\\\/\\\/www.intendant.com\\\/en\\\/l-univers-des-bordeaux\\\/#breadcrumb\",\"itemListElement\":[{\"@type\":\"ListItem\",\"position\":1,\"name\":\"Accueil\",\"item\":\"https:\\\/\\\/www.intendant.com\\\/en\\\/\"},{\"@type\":\"ListItem\",\"position\":2,\"name\":\"Home\"}]},{\"@type\":\"WebSite\",\"@id\":\"https:\\\/\\\/www.intendant.com\\\/#website\",\"url\":\"https:\\\/\\\/www.intendant.com\\\/\",\"name\":\"L\u2019Intendant Bordeaux\",\"description\":\"D\u00e9couvrez une tour spectaculaire sur cinq niveaux, enti\u00e8rement consacr\u00e9e au vignoble bordelais.\",\"publisher\":{\"@id\":\"https:\\\/\\\/www.intendant.com\\\/#organization\"},\"potentialAction\":[{\"@type\":\"SearchAction\",\"target\":{\"@type\":\"EntryPoint\",\"urlTemplate\":\"https:\\\/\\\/www.intendant.com\\\/?s={search_term_string}\"},\"query-input\":{\"@type\":\"PropertyValueSpecification\",\"valueRequired\":true,\"valueName\":\"search_term_string\"}}],\"inLanguage\":\"en-US\"},{\"@type\":\"Organization\",\"@id\":\"https:\\\/\\\/www.intendant.com\\\/#organization\",\"name\":\"L\u2019Intendant Bordeaux\",\"url\":\"https:\\\/\\\/www.intendant.com\\\/\",\"logo\":{\"@type\":\"ImageObject\",\"inLanguage\":\"en-US\",\"@id\":\"https:\\\/\\\/www.intendant.com\\\/#\\\/schema\\\/logo\\\/image\\\/\",\"url\":\"https:\\\/\\\/www.intendant.com\\\/wp-content\\\/uploads\\\/sites\\\/2\\\/2023\\\/11\\\/independant_old.svg\",\"contentUrl\":\"https:\\\/\\\/www.intendant.com\\\/wp-content\\\/uploads\\\/sites\\\/2\\\/2023\\\/11\\\/independant_old.svg\",\"width\":152,\"height\":23,\"caption\":\"L\u2019Intendant Bordeaux\"},\"image\":{\"@id\":\"https:\\\/\\\/www.intendant.com\\\/#\\\/schema\\\/logo\\\/image\\\/\"}}]}<\/script>\n<!-- \/ Yoast SEO plugin. -->","yoast_head_json":{"title":"L\u2019Intendant, l\u2019univers des Bordeaux &#8226; D\u00e9couvrez une tour spectaculaire sur cinq niveaux, enti\u00e8rement consacr\u00e9e au vignoble bordelais.","description":"L\u2019Intendant est situ\u00e9 dans le fameux \u00ab triangle d\u2019or de Bordeaux \u00bb, le c\u0153ur historique de la ville, derri\u00e8re la fa\u00e7ade d\u2019un petit h\u00f4tel particulier du XVIIe si\u00e8cle.","robots":{"index":"index","follow":"follow","max-snippet":"max-snippet:-1","max-image-preview":"max-image-preview:large","max-video-preview":"max-video-preview:-1"},"canonical":"https:\/\/www.intendant.com\/en\/l-univers-des-bordeaux\/","og_locale":"en_US","og_type":"article","og_title":"L\u2019Intendant, l\u2019univers des Bordeaux &#8226; D\u00e9couvrez une tour spectaculaire sur cinq niveaux, enti\u00e8rement consacr\u00e9e au vignoble bordelais.","og_description":"L\u2019Intendant est situ\u00e9 dans le fameux \u00ab triangle d\u2019or de Bordeaux \u00bb, le c\u0153ur historique de la ville, derri\u00e8re la fa\u00e7ade d\u2019un petit h\u00f4tel particulier du XVIIe si\u00e8cle.","og_url":"https:\/\/www.intendant.com\/en\/l-univers-des-bordeaux\/","og_site_name":"L\u2019Intendant, l\u2019univers des Bordeaux","article_modified_time":"2025-02-25T13:56:35+00:00","og_image":[{"width":1920,"height":1280,"url":"https:\/\/www.intendant.com\/wp-content\/uploads\/sites\/2\/2023\/11\/intendant-Duclot.jpg","type":"image\/jpeg"}],"twitter_card":"summary_large_image","twitter_misc":{"Est. reading time":"4 minutes"},"schema":{"@context":"https:\/\/schema.org","@graph":[{"@type":"WebPage","@id":"https:\/\/www.intendant.com\/en\/l-univers-des-bordeaux\/","url":"https:\/\/www.intendant.com\/en\/l-univers-des-bordeaux\/","name":"L\u2019Intendant, l\u2019univers des Bordeaux &#8226; D\u00e9couvrez une tour spectaculaire sur cinq niveaux, enti\u00e8rement consacr\u00e9e au vignoble bordelais.","isPartOf":{"@id":"https:\/\/www.intendant.com\/#website"},"datePublished":"2023-10-18T10:55:34+00:00","dateModified":"2025-02-25T13:56:35+00:00","description":"L\u2019Intendant est situ\u00e9 dans le fameux \u00ab triangle d\u2019or de Bordeaux \u00bb, le c\u0153ur historique de la ville, derri\u00e8re la fa\u00e7ade d\u2019un petit h\u00f4tel particulier du XVIIe si\u00e8cle.","breadcrumb":{"@id":"https:\/\/www.intendant.com\/en\/l-univers-des-bordeaux\/#breadcrumb"},"inLanguage":"en-US","potentialAction":[{"@type":"ReadAction","target":["https:\/\/www.intendant.com\/en\/l-univers-des-bordeaux\/"]}]},{"@type":"BreadcrumbList","@id":"https:\/\/www.intendant.com\/en\/l-univers-des-bordeaux\/#breadcrumb","itemListElement":[{"@type":"ListItem","position":1,"name":"Accueil","item":"https:\/\/www.intendant.com\/en\/"},{"@type":"ListItem","position":2,"name":"Home"}]},{"@type":"WebSite","@id":"https:\/\/www.intendant.com\/#website","url":"https:\/\/www.intendant.com\/","name":"L\u2019Intendant Bordeaux","description":"D\u00e9couvrez une tour spectaculaire sur cinq niveaux, enti\u00e8rement consacr\u00e9e au vignoble bordelais.","publisher":{"@id":"https:\/\/www.intendant.com\/#organization"},"potentialAction":[{"@type":"SearchAction","target":{"@type":"EntryPoint","urlTemplate":"https:\/\/www.intendant.com\/?s={search_term_string}"},"query-input":{"@type":"PropertyValueSpecification","valueRequired":true,"valueName":"search_term_string"}}],"inLanguage":"en-US"},{"@type":"Organization","@id":"https:\/\/www.intendant.com\/#organization","name":"L\u2019Intendant Bordeaux","url":"https:\/\/www.intendant.com\/","logo":{"@type":"ImageObject","inLanguage":"en-US","@id":"https:\/\/www.intendant.com\/#\/schema\/logo\/image\/","url":"https:\/\/www.intendant.com\/wp-content\/uploads\/sites\/2\/2023\/11\/independant_old.svg","contentUrl":"https:\/\/www.intendant.com\/wp-content\/uploads\/sites\/2\/2023\/11\/independant_old.svg","width":152,"height":23,"caption":"L\u2019Intendant Bordeaux"},"image":{"@id":"https:\/\/www.intendant.com\/#\/schema\/logo\/image\/"}}]}},"_links":{"self":[{"href":"https:\/\/www.intendant.com\/en\/wp-json\/wp\/v2\/pages\/2629","targetHints":{"allow":["GET"]}}],"collection":[{"href":"https:\/\/www.intendant.com\/en\/wp-json\/wp\/v2\/pages"}],"about":[{"href":"https:\/\/www.intendant.com\/en\/wp-json\/wp\/v2\/types\/page"}],"author":[{"embeddable":true,"href":"https:\/\/www.intendant.com\/en\/wp-json\/wp\/v2\/users\/1"}],"replies":[{"embeddable":true,"href":"https:\/\/www.intendant.com\/en\/wp-json\/wp\/v2\/comments?post=2629"}],"version-history":[{"count":11,"href":"https:\/\/www.intendant.com\/en\/wp-json\/wp\/v2\/pages\/2629\/revisions"}],"predecessor-version":[{"id":3219,"href":"https:\/\/www.intendant.com\/en\/wp-json\/wp\/v2\/pages\/2629\/revisions\/3219"}],"wp:attachment":[{"href":"https:\/\/www.intendant.com\/en\/wp-json\/wp\/v2\/media?parent=2629"}],"curies":[{"name":"wp","href":"https:\/\/api.w.org\/{rel}","templated":true}]}}